{"id":1522,"date":"2019-12-09T09:21:23","date_gmt":"2019-12-09T09:21:23","guid":{"rendered":"https:\/\/smartdata.tonytemplates.com\/electrician-v2demo3\/?page_id=1522"},"modified":"2023-03-25T15:30:07","modified_gmt":"2023-03-25T15:30:07","slug":"our-services","status":"publish","type":"page","link":"https:\/\/darcelight.pt\/?page_id=1522","title":{"rendered":"Servi\u00e7os"},"content":{"rendered":"\t\t<div data-elementor-type=\"wp-page\" data-elementor-id=\"1522\" class=\"elementor elementor-1522\">\n\t\t\t\t\t\t\t\t\t<section class=\"elementor-section elementor-top-section elementor-element elementor-element-9b3a09b elementor-section-stretched elementor-section-full_width elementor-section-height-default elementor-section-height-default\" data-id=\"9b3a09b\" data-element_type=\"section\" data-settings=\"{&quot;stretch_section&quot;:&quot;section-stretched&quot;}\">\n\t\t\t\t\t\t<div class=\"elementor-container elementor-column-gap-no\">\n\t\t\t\t\t<div class=\"elementor-column elementor-col-100 elementor-top-column elementor-element elementor-element-4f78a0f\" data-id=\"4f78a0f\" data-element_type=\"column\">\n\t\t\t<div class=\"elementor-widget-wrap elementor-element-populated\">\n\t\t\t\t\t\t\t\t<div class=\"elementor-element elementor-element-f6f82e4 elementor-widget elementor-widget-electrician_why_us\" data-id=\"f6f82e4\" data-element_type=\"widget\" data-widget_type=\"electrician_why_us.default\">\n\t\t\t\t<div class=\"elementor-widget-container\">\n\t\t\t \n<div class=\"section-indent\">\n  <div class=\"container container-lg-fluid\">\n\t<div class=\"layout01 layout01__revers layout01__single-img\">\n\t  <div class=\"layout01__bg-marker\">\n\t\t<img loading=\"lazy\" decoding=\"async\" width=\"125\" height=\"125\" src=\"https:\/\/darcelight.pt\/wp-content\/uploads\/2020\/07\/bg_marker02.png\" class=\"attachment-full size-full\" alt=\"\" srcset=\"https:\/\/darcelight.pt\/wp-content\/uploads\/2020\/07\/bg_marker02.png 125w, https:\/\/darcelight.pt\/wp-content\/uploads\/2020\/07\/bg_marker02-100x100.png 100w\" sizes=\"auto, (max-width: 125px) 100vw, 125px\" \/>\t<\/div>\n\t  <div class=\"layout01__img\">\n\t\t<div class=\"tt-img-main\">\n\t\t<img loading=\"lazy\" decoding=\"async\" width=\"675\" height=\"494\" src=\"https:\/\/darcelight.pt\/wp-content\/uploads\/2020\/07\/layout01-img06.jpg\" class=\"attachment-full size-full\" alt=\"\" srcset=\"https:\/\/darcelight.pt\/wp-content\/uploads\/2020\/07\/layout01-img06.jpg 675w, https:\/\/darcelight.pt\/wp-content\/uploads\/2020\/07\/layout01-img06-600x439.jpg 600w, https:\/\/darcelight.pt\/wp-content\/uploads\/2020\/07\/layout01-img06-300x220.jpg 300w, https:\/\/darcelight.pt\/wp-content\/uploads\/2020\/07\/layout01-img06-671x491.jpg 671w\" sizes=\"auto, (max-width: 675px) 100vw, 675px\" \/>\t\t<\/div>\n\t  <\/div>\n\t  <div class=\"layout01__content\">\n\t\t<div class=\"layout01__content-wrapper\">\n\t\t  <div class=\"section-title text-left\">\n\t\t\t<div class=\"section-title__01\">O que oferecemos?<\/div>\n\t\t\t<div class=\"section-title__02\">\u00c1reas de Neg\u00f3cio<\/div>\n\t\t  <\/div>\n\t\t  <ul class=\"tt-list01\">\n\t\t\t<li>Instala\u00e7\u00f5es de Eletricidade, Comunica\u00e7\u00f5es e Seguran\u00e7a<\/li>\n\n<li>Manuten\u00e7\u00e3o de Instala\u00e7\u00e3o T\u00e9cnicas de eletricidade<\/li>\n\n<li>Manuten\u00e7\u00e3o de Sistemas de Energia AC e DC<\/li>\n\n<li>Efici\u00eancia Energ\u00e9tica<\/li>\t\t  <\/ul>\n\t\t<\/div>\n\t  <\/div>\n\t<\/div>\n  <\/div>\n<\/div> \n\t\t\t\t<\/div>\n\t\t\t\t<\/div>\n\t\t\t\t\t<\/div>\n\t\t<\/div>\n\t\t\t\t\t\t\t<\/div>\n\t\t<\/section>\n\t\t\t\t\t\t\t<\/div>\n\t\t","protected":false},"excerpt":{"rendered":"<p>O que oferecemos? \u00c1reas de Neg\u00f3cio Instala\u00e7\u00f5es de Eletricidade, Comunica\u00e7\u00f5es e Seguran\u00e7a Manuten\u00e7\u00e3o de Instala\u00e7\u00e3o T\u00e9cnicas de eletricidade Manuten\u00e7\u00e3o de Sistemas de Energia AC e DC Efici\u00eancia Energ\u00e9tica<\/p>\n","protected":false},"author":1,"featured_media":0,"parent":0,"menu_order":2,"comment_status":"closed","ping_status":"closed","template":"","meta":{"footnotes":""},"class_list":["post-1522","page","type-page","status-publish","hentry"],"yoast_head":"<!-- This site is optimized with the Yoast SEO plugin v20.1 - https:\/\/yoast.com\/wordpress\/plugins\/seo\/ -->\n<title>Servi\u00e7os - Darcelight - Eletricidade e Comunica\u00e7\u00f5es<\/title>\n<meta name=\"robots\" content=\"index, follow, max-snippet:-1, max-image-preview:large, max-video-preview:-1\" \/>\n<link rel=\"canonical\" href=\"https:\/\/darcelight.pt\/?page_id=1522\" \/>\n<meta property=\"og:locale\" content=\"pt_PT\" \/>\n<meta property=\"og:type\" content=\"article\" \/>\n<meta property=\"og:title\" content=\"Servi\u00e7os - Darcelight - Eletricidade e Comunica\u00e7\u00f5es\" \/>\n<meta property=\"og:description\" content=\"O que oferecemos? \u00c1reas de Neg\u00f3cio Instala\u00e7\u00f5es de Eletricidade, Comunica\u00e7\u00f5es e Seguran\u00e7a Manuten\u00e7\u00e3o de Instala\u00e7\u00e3o T\u00e9cnicas de eletricidade Manuten\u00e7\u00e3o de Sistemas de Energia AC e DC Efici\u00eancia Energ\u00e9tica\" \/>\n<meta property=\"og:url\" content=\"https:\/\/darcelight.pt\/?page_id=1522\" \/>\n<meta property=\"og:site_name\" content=\"Darcelight - Eletricidade e Comunica\u00e7\u00f5es\" \/>\n<meta property=\"article:modified_time\" content=\"2023-03-25T15:30:07+00:00\" \/>\n<meta property=\"og:image\" content=\"https:\/\/darcelight.pt\/wp-content\/uploads\/2020\/07\/bg_marker02.png\" \/>\n<meta name=\"twitter:card\" content=\"summary_large_image\" \/>\n<meta name=\"twitter:label1\" content=\"Est. reading time\" \/>\n\t<meta name=\"twitter:data1\" content=\"1 minuto\" \/>\n<script type=\"application\/ld+json\" class=\"yoast-schema-graph\">{\"@context\":\"https:\/\/schema.org\",\"@graph\":[{\"@type\":\"WebPage\",\"@id\":\"https:\/\/darcelight.pt\/?page_id=1522\",\"url\":\"https:\/\/darcelight.pt\/?page_id=1522\",\"name\":\"Servi\u00e7os - Darcelight - Eletricidade e Comunica\u00e7\u00f5es\",\"isPartOf\":{\"@id\":\"https:\/\/darcelight.pt\/#website\"},\"datePublished\":\"2019-12-09T09:21:23+00:00\",\"dateModified\":\"2023-03-25T15:30:07+00:00\",\"breadcrumb\":{\"@id\":\"https:\/\/darcelight.pt\/?page_id=1522#breadcrumb\"},\"inLanguage\":\"pt-PT\",\"potentialAction\":[{\"@type\":\"ReadAction\",\"target\":[\"https:\/\/darcelight.pt\/?page_id=1522\"]}]},{\"@type\":\"BreadcrumbList\",\"@id\":\"https:\/\/darcelight.pt\/?page_id=1522#breadcrumb\",\"itemListElement\":[{\"@type\":\"ListItem\",\"position\":1,\"name\":\"Home\",\"item\":\"https:\/\/darcelight.pt\/\"},{\"@type\":\"ListItem\",\"position\":2,\"name\":\"Servi\u00e7os\"}]},{\"@type\":\"WebSite\",\"@id\":\"https:\/\/darcelight.pt\/#website\",\"url\":\"https:\/\/darcelight.pt\/\",\"name\":\"Darcelight - Eletricidade e Comunica\u00e7\u00f5es\",\"description\":\"\",\"potentialAction\":[{\"@type\":\"SearchAction\",\"target\":{\"@type\":\"EntryPoint\",\"urlTemplate\":\"https:\/\/darcelight.pt\/?s={search_term_string}\"},\"query-input\":\"required name=search_term_string\"}],\"inLanguage\":\"pt-PT\"}]}<\/script>\n<!-- \/ Yoast SEO plugin. -->","yoast_head_json":{"title":"Servi\u00e7os - Darcelight - Eletricidade e Comunica\u00e7\u00f5es","robots":{"index":"index","follow":"follow","max-snippet":"max-snippet:-1","max-image-preview":"max-image-preview:large","max-video-preview":"max-video-preview:-1"},"canonical":"https:\/\/darcelight.pt\/?page_id=1522","og_locale":"pt_PT","og_type":"article","og_title":"Servi\u00e7os - Darcelight - Eletricidade e Comunica\u00e7\u00f5es","og_description":"O que oferecemos? \u00c1reas de Neg\u00f3cio Instala\u00e7\u00f5es de Eletricidade, Comunica\u00e7\u00f5es e Seguran\u00e7a Manuten\u00e7\u00e3o de Instala\u00e7\u00e3o T\u00e9cnicas de eletricidade Manuten\u00e7\u00e3o de Sistemas de Energia AC e DC Efici\u00eancia Energ\u00e9tica","og_url":"https:\/\/darcelight.pt\/?page_id=1522","og_site_name":"Darcelight - Eletricidade e Comunica\u00e7\u00f5es","article_modified_time":"2023-03-25T15:30:07+00:00","og_image":[{"url":"https:\/\/darcelight.pt\/wp-content\/uploads\/2020\/07\/bg_marker02.png"}],"twitter_card":"summary_large_image","twitter_misc":{"Est. reading time":"1 minuto"},"schema":{"@context":"https:\/\/schema.org","@graph":[{"@type":"WebPage","@id":"https:\/\/darcelight.pt\/?page_id=1522","url":"https:\/\/darcelight.pt\/?page_id=1522","name":"Servi\u00e7os - Darcelight - Eletricidade e Comunica\u00e7\u00f5es","isPartOf":{"@id":"https:\/\/darcelight.pt\/#website"},"datePublished":"2019-12-09T09:21:23+00:00","dateModified":"2023-03-25T15:30:07+00:00","breadcrumb":{"@id":"https:\/\/darcelight.pt\/?page_id=1522#breadcrumb"},"inLanguage":"pt-PT","potentialAction":[{"@type":"ReadAction","target":["https:\/\/darcelight.pt\/?page_id=1522"]}]},{"@type":"BreadcrumbList","@id":"https:\/\/darcelight.pt\/?page_id=1522#breadcrumb","itemListElement":[{"@type":"ListItem","position":1,"name":"Home","item":"https:\/\/darcelight.pt\/"},{"@type":"ListItem","position":2,"name":"Servi\u00e7os"}]},{"@type":"WebSite","@id":"https:\/\/darcelight.pt\/#website","url":"https:\/\/darcelight.pt\/","name":"Darcelight - Eletricidade e Comunica\u00e7\u00f5es","description":"","potentialAction":[{"@type":"SearchAction","target":{"@type":"EntryPoint","urlTemplate":"https:\/\/darcelight.pt\/?s={search_term_string}"},"query-input":"required name=search_term_string"}],"inLanguage":"pt-PT"}]}},"_links":{"self":[{"href":"https:\/\/darcelight.pt\/index.php?rest_route=\/wp\/v2\/pages\/1522","targetHints":{"allow":["GET"]}}],"collection":[{"href":"https:\/\/darcelight.pt\/index.php?rest_route=\/wp\/v2\/pages"}],"about":[{"href":"https:\/\/darcelight.pt\/index.php?rest_route=\/wp\/v2\/types\/page"}],"author":[{"embeddable":true,"href":"https:\/\/darcelight.pt\/index.php?rest_route=\/wp\/v2\/users\/1"}],"replies":[{"embeddable":true,"href":"https:\/\/darcelight.pt\/index.php?rest_route=%2Fwp%2Fv2%2Fcomments&post=1522"}],"version-history":[{"count":4,"href":"https:\/\/darcelight.pt\/index.php?rest_route=\/wp\/v2\/pages\/1522\/revisions"}],"predecessor-version":[{"id":2635,"href":"https:\/\/darcelight.pt\/index.php?rest_route=\/wp\/v2\/pages\/1522\/revisions\/2635"}],"wp:attachment":[{"href":"https:\/\/darcelight.pt\/index.php?rest_route=%2Fwp%2Fv2%2Fmedia&parent=1522"}],"curies":[{"name":"wp","href":"https:\/\/api.w.org\/{rel}","templated":true}]}}