{"id":2164,"date":"2020-07-20T03:30:40","date_gmt":"2020-07-20T03:30:40","guid":{"rendered":"https:\/\/smartdata.tonytemplates.com\/electrician-v2demo3\/?page_id=2164"},"modified":"2023-03-26T15:27:29","modified_gmt":"2023-03-26T15:27:29","slug":"about-us","status":"publish","type":"page","link":"https:\/\/darcelight.pt\/?page_id=2164","title":{"rendered":"Sobre N\u00f3s"},"content":{"rendered":"\t\t<div data-elementor-type=\"wp-page\" data-elementor-id=\"2164\" class=\"elementor elementor-2164\">\n\t\t\t\t\t\t\t\t\t<section class=\"elementor-section elementor-top-section elementor-element elementor-element-b23d443 elementor-section-stretched elementor-section-full_width elementor-section-height-default elementor-section-height-default\" data-id=\"b23d443\" data-element_type=\"section\" data-settings=\"{&quot;stretch_section&quot;:&quot;section-stretched&quot;}\">\n\t\t\t\t\t\t<div class=\"elementor-container elementor-column-gap-no\">\n\t\t\t\t\t<div class=\"elementor-column elementor-col-100 elementor-top-column elementor-element elementor-element-1c1bab9\" data-id=\"1c1bab9\" data-element_type=\"column\">\n\t\t\t<div class=\"elementor-widget-wrap\">\n\t\t\t\t\t\t\t\t\t<\/div>\n\t\t<\/div>\n\t\t\t\t\t\t\t<\/div>\n\t\t<\/section>\n\t\t\t\t<section class=\"elementor-section elementor-top-section elementor-element elementor-element-9626557 elementor-section-stretched elementor-section-full_width elementor-section-height-default elementor-section-height-default\" data-id=\"9626557\" data-element_type=\"section\" data-settings=\"{&quot;stretch_section&quot;:&quot;section-stretched&quot;}\">\n\t\t\t\t\t\t<div class=\"elementor-container elementor-column-gap-no\">\n\t\t\t\t\t<div class=\"elementor-column elementor-col-100 elementor-top-column elementor-element elementor-element-6110efb\" data-id=\"6110efb\" data-element_type=\"column\">\n\t\t\t<div class=\"elementor-widget-wrap elementor-element-populated\">\n\t\t\t\t\t\t\t\t<div class=\"elementor-element elementor-element-9c21e86 elementor-widget elementor-widget-electrician_about_two\" data-id=\"9c21e86\" data-element_type=\"widget\" data-widget_type=\"electrician_about_two.default\">\n\t\t\t\t<div class=\"elementor-widget-container\">\n\t\t\t \n\t\t<div class=\"section-indent\">\n\t<div class=\"container container-lg-fluid\">\n\t\t<div class=\"layout01 layout01__img-more\">\n\t\t\t<div class=\"layout01__img\">\n\t\t\t\t<div class=\"tt-img-main\">\n\t\t\t<img loading=\"lazy\" decoding=\"async\" width=\"720\" height=\"552\" src=\"https:\/\/darcelight.pt\/wp-content\/uploads\/2020\/08\/layout01-img03.jpg\" class=\"attachment-full size-full\" alt=\"\" srcset=\"https:\/\/darcelight.pt\/wp-content\/uploads\/2020\/08\/layout01-img03.jpg 720w, https:\/\/darcelight.pt\/wp-content\/uploads\/2020\/08\/layout01-img03-600x460.jpg 600w, https:\/\/darcelight.pt\/wp-content\/uploads\/2020\/08\/layout01-img03-300x230.jpg 300w, https:\/\/darcelight.pt\/wp-content\/uploads\/2020\/08\/layout01-img03-640x491.jpg 640w\" sizes=\"auto, (max-width: 720px) 100vw, 720px\" \/>\t\t\t\t<\/div>\n\t\t\t\t<div class=\"tt-img-more left-bottom\">\n\t\t\t<img loading=\"lazy\" decoding=\"async\" width=\"436\" height=\"290\" src=\"https:\/\/darcelight.pt\/wp-content\/uploads\/2020\/08\/layout01-img03-02.jpg\" class=\"attachment-full size-full\" alt=\"\" srcset=\"https:\/\/darcelight.pt\/wp-content\/uploads\/2020\/08\/layout01-img03-02.jpg 436w, https:\/\/darcelight.pt\/wp-content\/uploads\/2020\/08\/layout01-img03-02-300x200.jpg 300w\" sizes=\"auto, (max-width: 436px) 100vw, 436px\" \/>\t\t\t\t<\/div>\n\t\t\t<\/div>\n\t\t\t<div class=\"layout01__content\">\n\t\t\t\t<div class=\"layout01__content-wrapper\">\n\t\t\t\t\t<div class=\"section-title text-left\">\n\t\t\t\t\t\t<div class=\"section-title__01\">20 anos de experi\u00eancia<\/div>\n\t\t\t\t\t\t<div class=\"section-title__02\">Eletricidade e comunica\u00e7\u00f5es<\/div>\n\t\t\t\t\t<\/div>\n\t\t\t\t\t<p>\n\t\t\tDarcelight tem origem na vis\u00e3o e determina\u00e7\u00e3o do seu \u00fanico s\u00f3cio, em constituir uma empresa inovadora, onde a qualidade aliada \u00e0 rapidez de execu\u00e7\u00e3o seja uma mais valia para os seus parceiros comerciais. \t\t\t\t\t<\/p>\n\t\t\t\t\t<ul class=\"tt-list01 tt-list-top\">\n\t\t\tTendo participado em alguns projetos relevantes nas vertentes de eletricidade e comunica\u00e7\u00f5es ao longo dos seus anos de atividade, Darcelight decidiu disponibilizar aos seus agora potenciais clientes, n\u00e3o s\u00f3 a sua experi\u00eancia, como tamb\u00e9m uma nova abordagem na execu\u00e7\u00e3o de empreitadas, que se traduz na otimiza\u00e7\u00e3o e rapidez de processos, resultando na diminui\u00e7\u00e3o dos tempos de montagem e experientes t\u00e9cnicos de execu\u00e7\u00e3o. \t\t\t\t\t<\/ul>\n\t\t\t\t\t<div class=\"tt-data-info\">\n\t\t\t\t\t\t<div class=\"tt-item\">\n\t\t\t\t\t\t\t<div class=\"personal-box\">\n\t\t\t\t\t\t\t\t<div class=\"personal-box__img\">\n\t\t\t\t\t\t\t\t\t\t\t<\/div>\n\t\t\t\t\t\t\t\t<div class=\"personal-box__content\">\n\t\t\t\t\t\t\t\t\t<div class=\"personal-box__title\">\n\t\t\t\t\t\t\t\t\t\t\t\t<\/div>\n\t\t\t\t\t\t\t\t\t\t\t<\/div>\n\t\t\t\t\t\t\t<\/div>\n\t\t\t\t\t\t<\/div>\n\t\t\t\t\t\t<div class=\"tt-item\">\n\t\t\t\t\t\t\t\t\t<\/div>\n\t\t\t\t\t<\/div>\n\t\t\t\t<\/div>\n\t\t\t<\/div>\n\t\t<\/div>\n\t<\/div>\n<\/div> \n\t\t\t\t\t\t\t<\/div>\n\t\t\t\t<\/div>\n\t\t\t\t\t<\/div>\n\t\t<\/div>\n\t\t\t\t\t\t\t<\/div>\n\t\t<\/section>\n\t\t\t\t\t\t\t<\/div>\n\t\t","protected":false},"excerpt":{"rendered":"<p>20 anos de experi\u00eancia Eletricidade e comunica\u00e7\u00f5es Darcelight tem origem na vis\u00e3o e determina\u00e7\u00e3o do seu \u00fanico s\u00f3cio, em constituir uma empresa inovadora, onde a qualidade aliada \u00e0 rapidez de execu\u00e7\u00e3o seja uma mais valia para os seus parceiros comerciais. Tendo participado em alguns projetos relevantes nas vertentes de eletricidade e comunica\u00e7\u00f5es ao longo dos [&hellip;]<\/p>\n","protected":false},"author":1,"featured_media":0,"parent":0,"menu_order":1,"comment_status":"closed","ping_status":"closed","template":"","meta":{"footnotes":""},"class_list":["post-2164","page","type-page","status-publish","hentry"],"yoast_head":"<!-- This site is optimized with the Yoast SEO plugin v20.1 - https:\/\/yoast.com\/wordpress\/plugins\/seo\/ -->\n<title>Sobre N\u00f3s - Darcelight - Eletricidade e Comunica\u00e7\u00f5es<\/title>\n<meta name=\"robots\" content=\"index, follow, max-snippet:-1, max-image-preview:large, max-video-preview:-1\" \/>\n<link rel=\"canonical\" href=\"https:\/\/darcelight.pt\/?page_id=2164\" \/>\n<meta property=\"og:locale\" content=\"pt_PT\" \/>\n<meta property=\"og:type\" content=\"article\" \/>\n<meta property=\"og:title\" content=\"Sobre N\u00f3s - Darcelight - Eletricidade e Comunica\u00e7\u00f5es\" \/>\n<meta property=\"og:description\" content=\"20 anos de experi\u00eancia Eletricidade e comunica\u00e7\u00f5es Darcelight tem origem na vis\u00e3o e determina\u00e7\u00e3o do seu \u00fanico s\u00f3cio, em constituir uma empresa inovadora, onde a qualidade aliada \u00e0 rapidez de execu\u00e7\u00e3o seja uma mais valia para os seus parceiros comerciais. Tendo participado em alguns projetos relevantes nas vertentes de eletricidade e comunica\u00e7\u00f5es ao longo dos [&hellip;]\" \/>\n<meta property=\"og:url\" content=\"https:\/\/darcelight.pt\/?page_id=2164\" \/>\n<meta property=\"og:site_name\" content=\"Darcelight - Eletricidade e Comunica\u00e7\u00f5es\" \/>\n<meta property=\"article:modified_time\" content=\"2023-03-26T15:27:29+00:00\" \/>\n<meta property=\"og:image\" content=\"https:\/\/darcelight.pt\/wp-content\/uploads\/2020\/08\/layout01-img03.jpg\" \/>\n<meta name=\"twitter:card\" content=\"summary_large_image\" \/>\n<meta name=\"twitter:label1\" content=\"Est. reading time\" \/>\n\t<meta name=\"twitter:data1\" content=\"1 minuto\" \/>\n<script type=\"application\/ld+json\" class=\"yoast-schema-graph\">{\"@context\":\"https:\/\/schema.org\",\"@graph\":[{\"@type\":\"WebPage\",\"@id\":\"https:\/\/darcelight.pt\/?page_id=2164\",\"url\":\"https:\/\/darcelight.pt\/?page_id=2164\",\"name\":\"Sobre N\u00f3s - Darcelight - Eletricidade e Comunica\u00e7\u00f5es\",\"isPartOf\":{\"@id\":\"https:\/\/darcelight.pt\/#website\"},\"datePublished\":\"2020-07-20T03:30:40+00:00\",\"dateModified\":\"2023-03-26T15:27:29+00:00\",\"breadcrumb\":{\"@id\":\"https:\/\/darcelight.pt\/?page_id=2164#breadcrumb\"},\"inLanguage\":\"pt-PT\",\"potentialAction\":[{\"@type\":\"ReadAction\",\"target\":[\"https:\/\/darcelight.pt\/?page_id=2164\"]}]},{\"@type\":\"BreadcrumbList\",\"@id\":\"https:\/\/darcelight.pt\/?page_id=2164#breadcrumb\",\"itemListElement\":[{\"@type\":\"ListItem\",\"position\":1,\"name\":\"Home\",\"item\":\"https:\/\/darcelight.pt\/\"},{\"@type\":\"ListItem\",\"position\":2,\"name\":\"Sobre N\u00f3s\"}]},{\"@type\":\"WebSite\",\"@id\":\"https:\/\/darcelight.pt\/#website\",\"url\":\"https:\/\/darcelight.pt\/\",\"name\":\"Darcelight - Eletricidade e Comunica\u00e7\u00f5es\",\"description\":\"\",\"potentialAction\":[{\"@type\":\"SearchAction\",\"target\":{\"@type\":\"EntryPoint\",\"urlTemplate\":\"https:\/\/darcelight.pt\/?s={search_term_string}\"},\"query-input\":\"required name=search_term_string\"}],\"inLanguage\":\"pt-PT\"}]}<\/script>\n<!-- \/ Yoast SEO plugin. -->","yoast_head_json":{"title":"Sobre N\u00f3s - Darcelight - Eletricidade e Comunica\u00e7\u00f5es","robots":{"index":"index","follow":"follow","max-snippet":"max-snippet:-1","max-image-preview":"max-image-preview:large","max-video-preview":"max-video-preview:-1"},"canonical":"https:\/\/darcelight.pt\/?page_id=2164","og_locale":"pt_PT","og_type":"article","og_title":"Sobre N\u00f3s - Darcelight - Eletricidade e Comunica\u00e7\u00f5es","og_description":"20 anos de experi\u00eancia Eletricidade e comunica\u00e7\u00f5es Darcelight tem origem na vis\u00e3o e determina\u00e7\u00e3o do seu \u00fanico s\u00f3cio, em constituir uma empresa inovadora, onde a qualidade aliada \u00e0 rapidez de execu\u00e7\u00e3o seja uma mais valia para os seus parceiros comerciais. Tendo participado em alguns projetos relevantes nas vertentes de eletricidade e comunica\u00e7\u00f5es ao longo dos [&hellip;]","og_url":"https:\/\/darcelight.pt\/?page_id=2164","og_site_name":"Darcelight - Eletricidade e Comunica\u00e7\u00f5es","article_modified_time":"2023-03-26T15:27:29+00:00","og_image":[{"url":"https:\/\/darcelight.pt\/wp-content\/uploads\/2020\/08\/layout01-img03.jpg"}],"twitter_card":"summary_large_image","twitter_misc":{"Est. reading time":"1 minuto"},"schema":{"@context":"https:\/\/schema.org","@graph":[{"@type":"WebPage","@id":"https:\/\/darcelight.pt\/?page_id=2164","url":"https:\/\/darcelight.pt\/?page_id=2164","name":"Sobre N\u00f3s - Darcelight - Eletricidade e Comunica\u00e7\u00f5es","isPartOf":{"@id":"https:\/\/darcelight.pt\/#website"},"datePublished":"2020-07-20T03:30:40+00:00","dateModified":"2023-03-26T15:27:29+00:00","breadcrumb":{"@id":"https:\/\/darcelight.pt\/?page_id=2164#breadcrumb"},"inLanguage":"pt-PT","potentialAction":[{"@type":"ReadAction","target":["https:\/\/darcelight.pt\/?page_id=2164"]}]},{"@type":"BreadcrumbList","@id":"https:\/\/darcelight.pt\/?page_id=2164#breadcrumb","itemListElement":[{"@type":"ListItem","position":1,"name":"Home","item":"https:\/\/darcelight.pt\/"},{"@type":"ListItem","position":2,"name":"Sobre N\u00f3s"}]},{"@type":"WebSite","@id":"https:\/\/darcelight.pt\/#website","url":"https:\/\/darcelight.pt\/","name":"Darcelight - Eletricidade e Comunica\u00e7\u00f5es","description":"","potentialAction":[{"@type":"SearchAction","target":{"@type":"EntryPoint","urlTemplate":"https:\/\/darcelight.pt\/?s={search_term_string}"},"query-input":"required name=search_term_string"}],"inLanguage":"pt-PT"}]}},"_links":{"self":[{"href":"https:\/\/darcelight.pt\/index.php?rest_route=\/wp\/v2\/pages\/2164","targetHints":{"allow":["GET"]}}],"collection":[{"href":"https:\/\/darcelight.pt\/index.php?rest_route=\/wp\/v2\/pages"}],"about":[{"href":"https:\/\/darcelight.pt\/index.php?rest_route=\/wp\/v2\/types\/page"}],"author":[{"embeddable":true,"href":"https:\/\/darcelight.pt\/index.php?rest_route=\/wp\/v2\/users\/1"}],"replies":[{"embeddable":true,"href":"https:\/\/darcelight.pt\/index.php?rest_route=%2Fwp%2Fv2%2Fcomments&post=2164"}],"version-history":[{"count":27,"href":"https:\/\/darcelight.pt\/index.php?rest_route=\/wp\/v2\/pages\/2164\/revisions"}],"predecessor-version":[{"id":2648,"href":"https:\/\/darcelight.pt\/index.php?rest_route=\/wp\/v2\/pages\/2164\/revisions\/2648"}],"wp:attachment":[{"href":"https:\/\/darcelight.pt\/index.php?rest_route=%2Fwp%2Fv2%2Fmedia&parent=2164"}],"curies":[{"name":"wp","href":"https:\/\/api.w.org\/{rel}","templated":true}]}}